{"id":69,"date":"2026-02-08T17:11:08","date_gmt":"2026-02-08T17:11:08","guid":{"rendered":"https:\/\/lms.doq4u.ch\/?page_id=69"},"modified":"2026-02-10T00:11:07","modified_gmt":"2026-02-10T00:11:07","slug":"69-2","status":"publish","type":"page","link":"https:\/\/lms.doq4u.ch\/?page_id=69","title":{"rendered":"Weshalb FAQ"},"content":{"rendered":"<p><style>#sp-ea-101 .spcollapsing { height: 0; overflow: hidden; transition-property: height;transition-duration: 300ms;}#sp-ea-101{ position: relative; }#sp-ea-101 .ea-card{ opacity: 0;}#eap-preloader-101{ position: absolute; left: 0; top: 0; height: 100%;width: 100%; text-align: center;display: flex; align-items: center;justify-content: center;}#sp-ea-101.sp-easy-accordion>.sp-ea-single {margin-bottom: 10px; border: 1px solid #e2e2e2; }#sp-ea-101.sp-easy-accordion>.sp-ea-single>.ea-header a {color: #444;}#sp-ea-101.sp-easy-accordion>.sp-ea-single>.sp-collapse>.ea-body {background: #fff; color: #444;}#sp-ea-101.sp-easy-accordion>.sp-ea-single {background: #d84ba0;}#sp-ea-101.sp-easy-accordion>.sp-ea-single>.ea-header a .ea-expand-icon { float: left; color: #444;font-size: 16px;}<\/style><div id=\"sp_easy_accordion-1770626960\"><div id=\"sp-ea-101\" class=\"sp-ea-one sp-easy-accordion\" data-ea-active=\"ea-click\" data-ea-mode=\"vertical\" data-preloader=\"1\" data-scroll-active-item=\"1\" data-offset-to-scroll=\"0\"><div id=\"eap-preloader-101\" class=\"accordion-preloader\"><img decoding=\"async\" src=\"https:\/\/lms.doq4u.ch\/wp-content\/plugins\/easy-accordion-free\/public\/assets\/ea_loader.svg\" alt=\"Loader image\"\/><\/div><div class=\"ea-card ea-expand sp-ea-single\"><h3 class=\"ea-header\"><a class=\"collapsed\" id=\"ea-header-101390\" role=\"button\" data-sptoggle=\"spcollapse\" data-sptarget=\"#collapse101390\" aria-controls=\"collapse101390\" href=\"#\" aria-expanded=\"true\" tabindex=\"0\"><i aria-hidden=\"true\" role=\"presentation\" class=\"ea-expand-icon eap-icon-ea-expand-minus\"><\/i> Entwicklung<\/a><\/h3><div class=\"sp-collapse spcollapse collapsed show\" id=\"collapse101390\" data-parent=\"#sp-ea-101\" role=\"region\" aria-labelledby=\"ea-header-101390\"> <div class=\"ea-body\"><style>#sp-ea-393 .spcollapsing { height: 0; overflow: hidden; transition-property: height;transition-duration: 300ms;}#sp-ea-393.sp-easy-accordion>.sp-ea-single {margin-bottom: 10px; border: 1px solid #e2e2e2; }#sp-ea-393.sp-easy-accordion>.sp-ea-single>.ea-header a {color: #444;}#sp-ea-393.sp-easy-accordion>.sp-ea-single>.sp-collapse>.ea-body {background: #fff; color: #444;}#sp-ea-393.sp-easy-accordion>.sp-ea-single {background: #eee;}#sp-ea-393.sp-easy-accordion>.sp-ea-single>.ea-header a .ea-expand-icon { float: left; color: #444;font-size: 16px;}<\/style><div id=\"sp_easy_accordion-1771595763\"><div id=\"sp-ea-393\" class=\"sp-ea-one sp-easy-accordion\" data-ea-active=\"ea-click\" data-ea-mode=\"vertical\" data-preloader=\"\" data-scroll-active-item=\"\" data-offset-to-scroll=\"0\"><div class=\"ea-card ea-expand sp-ea-single\"><h3 class=\"ea-header\"><a class=\"collapsed\" id=\"ea-header-3930\" role=\"button\" data-sptoggle=\"spcollapse\" data-sptarget=\"#collapse3930\" aria-controls=\"collapse3930\" href=\"#\" aria-expanded=\"true\" tabindex=\"0\"><i aria-hidden=\"true\" role=\"presentation\" class=\"ea-expand-icon eap-icon-ea-expand-minus\"><\/i> 0-6 Monate <\/a><\/h3><div class=\"sp-collapse spcollapse collapsed show\" id=\"collapse3930\" data-parent=\"#sp-ea-393\" role=\"region\" aria-labelledby=\"ea-header-3930\"> <div class=\"ea-body\"><p>Wahrnehmung:<\/p><p>Basale Sinnesreize, N\u00e4he, Stimme, Rhythmus, K\u00f6rperkontakt<\/p><p>Spiel:<\/p><p>Greifen, Strampeln, Blickkontakt, Laut\u00e4u\u00dferungen<\/p><p>Bedeutung sp\u00e4ter:<\/p><p>Urvertrauen, Bindungsf\u00e4higkeit, Stressregulation<\/p><\/div><\/div><\/div><div class=\"ea-card sp-ea-single\"><h3 class=\"ea-header\"><a class=\"collapsed\" id=\"ea-header-3931\" role=\"button\" data-sptoggle=\"spcollapse\" data-sptarget=\"#collapse3931\" aria-controls=\"collapse3931\" href=\"#\" aria-expanded=\"false\" tabindex=\"0\"><i aria-hidden=\"true\" role=\"presentation\" class=\"ea-expand-icon eap-icon-ea-expand-plus\"><\/i> 6-12 Monate<\/a><\/h3><div class=\"sp-collapse spcollapse \" id=\"collapse3931\" data-parent=\"#sp-ea-393\" role=\"region\" aria-labelledby=\"ea-header-3931\"> <div class=\"ea-body\"><p><strong>Wahrnehmung<\/strong>:<\/p><p>Ursache\u2013Wirkung, Objektkonstanz, Bewegungskoordination<\/p><p><strong>Spiel<\/strong>:<\/p><p>Gegenst\u00e4nde fallen lassen, Klopfen, Wiederholungsspiele<\/p><p><strong>Bedeutung sp\u00e4ter:<\/strong><\/p><p>Logisches Grundverst\u00e4ndnis, Probleml\u00f6sef\u00e4higkeit, Ausdauer<\/p><\/div><\/div><\/div><div class=\"ea-card sp-ea-single\"><h3 class=\"ea-header\"><a class=\"collapsed\" id=\"ea-header-3932\" role=\"button\" data-sptoggle=\"spcollapse\" data-sptarget=\"#collapse3932\" aria-controls=\"collapse3932\" href=\"#\" aria-expanded=\"false\" tabindex=\"0\"><i aria-hidden=\"true\" role=\"presentation\" class=\"ea-expand-icon eap-icon-ea-expand-plus\"><\/i> 1-2 jahre<\/a><\/h3><div class=\"sp-collapse spcollapse \" id=\"collapse3932\" data-parent=\"#sp-ea-393\" role=\"region\" aria-labelledby=\"ea-header-3932\"> <div class=\"ea-body\"><p><strong>Wahrnehmung<\/strong>:<\/p><p>Selbst\u2013Umwelt-Unterscheidung, erste Autonomie<\/p><p><strong>Spiel:<\/strong><\/p><p>Funktionsspiel (Schieben, Ziehen, Stapeln), Nachahmung<\/p><p><strong>Bedeutung sp\u00e4ter:<\/strong><\/p><p>Selbstwirksamkeit, technisches Verst\u00e4ndnis, Explorationsfreude<\/p><\/div><\/div><\/div><div class=\"ea-card sp-ea-single\"><h3 class=\"ea-header\"><a class=\"collapsed\" id=\"ea-header-3933\" role=\"button\" data-sptoggle=\"spcollapse\" data-sptarget=\"#collapse3933\" aria-controls=\"collapse3933\" href=\"#\" aria-expanded=\"false\" tabindex=\"0\"><i aria-hidden=\"true\" role=\"presentation\" class=\"ea-expand-icon eap-icon-ea-expand-plus\"><\/i> 3-4 Jahre<\/a><\/h3><div class=\"sp-collapse spcollapse \" id=\"collapse3933\" data-parent=\"#sp-ea-393\" role=\"region\" aria-labelledby=\"ea-header-3933\"> <div class=\"ea-body\"><p>Wahrnehmung:<\/p><p>Symbolf\u00e4higkeit, Sprachentwicklung, emotionale Verarbeitung<\/p><p>Spiel:<\/p><p>Rollenspiel (\u201eIch bin Mama\u201c, \u201eDu bist Arzt\u201c), Fantasiespiel<\/p><p>Bedeutung sp\u00e4ter:<\/p><p>Empathie, soziale Kompetenz, Konfliktf\u00e4higkeit<\/p><\/div><\/div><\/div><div class=\"ea-card sp-ea-single\"><h3 class=\"ea-header\"><a class=\"collapsed\" id=\"ea-header-3934\" role=\"button\" data-sptoggle=\"spcollapse\" data-sptarget=\"#collapse3934\" aria-controls=\"collapse3934\" href=\"#\" aria-expanded=\"false\" tabindex=\"0\"><i aria-hidden=\"true\" role=\"presentation\" class=\"ea-expand-icon eap-icon-ea-expand-plus\"><\/i> 4-6 Jahre<\/a><\/h3><div class=\"sp-collapse spcollapse \" id=\"collapse3934\" data-parent=\"#sp-ea-393\" role=\"region\" aria-labelledby=\"ea-header-3934\"> <div class=\"ea-body\"><p>Wahrnehmung:<br \/>Regelbewusstsein beginnt, Perspektiven\u00fcbernahme vertieft sich<\/p><p>Spiel:<br \/>Konstruktionsspiel, einfache Regelspiele, Gruppenspiele<\/p><p>Bedeutung sp\u00e4ter:<br \/>Frustrationstoleranz, Planungsf\u00e4higkeit, Teamf\u00e4higkeit<\/p><\/div><\/div><\/div><div class=\"ea-card sp-ea-single\"><h3 class=\"ea-header\"><a class=\"collapsed\" id=\"ea-header-3935\" role=\"button\" data-sptoggle=\"spcollapse\" data-sptarget=\"#collapse3935\" aria-controls=\"collapse3935\" href=\"#\" aria-expanded=\"false\" tabindex=\"0\"><i aria-hidden=\"true\" role=\"presentation\" class=\"ea-expand-icon eap-icon-ea-expand-plus\"><\/i> 6-8 Jahre<\/a><\/h3><div class=\"sp-collapse spcollapse \" id=\"collapse3935\" data-parent=\"#sp-ea-393\" role=\"region\" aria-labelledby=\"ea-header-3935\"> <div class=\"ea-body\"><p>Wahrnehmung:<\/p><p>Gerechtigkeitssinn, Leistungsorientierung, Vergleich mit anderen<\/p><p>Spiel:<\/p><p>Komplexere Regelspiele, Mannschaftssport<\/p><p>Bedeutung sp\u00e4ter:<\/p><p>Belastbarkeit, Durchhalteverm\u00f6gen, soziale Integration<\/p><\/div><\/div><\/div><div class=\"ea-card sp-ea-single\"><h3 class=\"ea-header\"><a class=\"collapsed\" id=\"ea-header-3936\" role=\"button\" data-sptoggle=\"spcollapse\" data-sptarget=\"#collapse3936\" aria-controls=\"collapse3936\" href=\"#\" aria-expanded=\"false\" tabindex=\"0\"><i aria-hidden=\"true\" role=\"presentation\" class=\"ea-expand-icon eap-icon-ea-expand-plus\"><\/i> 8-12 Jahre<\/a><\/h3><div class=\"sp-collapse spcollapse \" id=\"collapse3936\" data-parent=\"#sp-ea-393\" role=\"region\" aria-labelledby=\"ea-header-3936\"> <div class=\"ea-body\"><p>Wahrnehmung:<\/p><p>Strategisches Denken, Rollenbewusstsein, Gruppendynamik<\/p><p>Spiel:<\/p><p>Strategie- und Wettkampfspiele, feste Cliquenstrukturen<\/p><p>Bedeutung sp\u00e4ter:<\/p><p>F\u00fchrungsf\u00e4higkeit, Risikoeinsch\u00e4tzung, Identit\u00e4tsbildung<\/p><\/div><\/div><\/div><div class=\"ea-card sp-ea-single\"><h3 class=\"ea-header\"><a class=\"collapsed\" id=\"ea-header-3937\" role=\"button\" data-sptoggle=\"spcollapse\" data-sptarget=\"#collapse3937\" aria-controls=\"collapse3937\" href=\"#\" aria-expanded=\"false\" tabindex=\"0\"><i aria-hidden=\"true\" role=\"presentation\" class=\"ea-expand-icon eap-icon-ea-expand-plus\"><\/i> 12-16 Jahre<\/a><\/h3><div class=\"sp-collapse spcollapse \" id=\"collapse3937\" data-parent=\"#sp-ea-393\" role=\"region\" aria-labelledby=\"ea-header-3937\"> <div class=\"ea-body\"><p>Wahrnehmung:<\/p><p>Selbstreflexion, Wertebildung, Abgrenzung<\/p><p>Spiel:<\/p><p>Wettbewerb, Provokation, Identit\u00e4tsexperimente<\/p><p>Bedeutung sp\u00e4ter:<\/p><p>Autonomie, moralisches Urteilsverm\u00f6gen, Standfestigkeit<\/p><\/div><\/div><\/div><\/div><\/div><\/div><\/div><\/div><script type=\"application\/ld+json\">{ \"@context\": \"https:\/\/schema.org\", \"@type\": \"FAQPage\", \"@id\": \"sp-ea-schema-101-69d6803b2b1c4\", \"mainEntity\": [{ \"@type\": \"Question\", \"name\": \"Entwicklung\", \"acceptedAnswer\": { \"@type\": \"Answer\", \"text\": \"-\" } }] }<\/script><\/div><\/div><br \/>\n<style>#sp-ea-237 .spcollapsing { height: 0; overflow: hidden; transition-property: height;transition-duration: 300ms;}#sp-ea-237.sp-easy-accordion>.sp-ea-single {margin-bottom: 10px; border: 1px solid #e2e2e2; }#sp-ea-237.sp-easy-accordion>.sp-ea-single>.ea-header a {color: #444;}#sp-ea-237.sp-easy-accordion>.sp-ea-single>.sp-collapse>.ea-body {background: #fff; color: #444;}#sp-ea-237.sp-easy-accordion>.sp-ea-single {background: #eee;}#sp-ea-237.sp-easy-accordion>.sp-ea-single>.ea-header a .ea-expand-icon { float: left; color: #444;font-size: 16px;}<\/style><div id=\"sp_easy_accordion-1770681755\"><div id=\"sp-ea-237\" class=\"sp-ea-one sp-easy-accordion\" data-ea-active=\"ea-click\" data-ea-mode=\"vertical\" data-preloader=\"\" data-scroll-active-item=\"\" data-offset-to-scroll=\"0\"><div class=\"ea-card ea-expand sp-ea-single\"><h3 class=\"ea-header\"><a class=\"collapsed\" id=\"ea-header-2370\" role=\"button\" data-sptoggle=\"spcollapse\" data-sptarget=\"#collapse2370\" aria-controls=\"collapse2370\" href=\"#\" aria-expanded=\"true\" tabindex=\"0\"><i aria-hidden=\"true\" role=\"presentation\" class=\"ea-expand-icon eap-icon-ea-expand-minus\"><\/i> \u2022Verhalten ist eine Reaktion, keine Absicht.<\/a><\/h3><div class=\"sp-collapse spcollapse collapsed show\" id=\"collapse2370\" data-parent=\"#sp-ea-237\" role=\"region\" aria-labelledby=\"ea-header-2370\"> <div class=\"ea-body\"><p>Herausforderndes Verhalten entsteht meist aus \u00dcberforderung, Stress oder fehlenden Kompetenzen \u2013 nicht aus Bosheit oder Manipulation.<\/p><\/div><\/div><\/div><div class=\"ea-card sp-ea-single\"><h3 class=\"ea-header\"><a class=\"collapsed\" id=\"ea-header-2371\" role=\"button\" data-sptoggle=\"spcollapse\" data-sptarget=\"#collapse2371\" aria-controls=\"collapse2371\" href=\"#\" aria-expanded=\"false\" tabindex=\"0\"><i aria-hidden=\"true\" role=\"presentation\" class=\"ea-expand-icon eap-icon-ea-expand-plus\"><\/i> \u2022Stressreduktion ist Pr\u00e4vention.<\/a><\/h3><div class=\"sp-collapse spcollapse \" id=\"collapse2371\" data-parent=\"#sp-ea-237\" role=\"region\" aria-labelledby=\"ea-header-2371\"> <div class=\"ea-body\"><p>Je h\u00f6her der Stress, desto geringer die Selbstkontrolle. Pr\u00e4vention bedeutet: Reize reduzieren, Tempo drosseln, Anforderungen anpassen, klare und vorhersehbare Strukturen schaffen.<\/p><\/div><\/div><\/div><div class=\"ea-card sp-ea-single\"><h3 class=\"ea-header\"><a class=\"collapsed\" id=\"ea-header-2372\" role=\"button\" data-sptoggle=\"spcollapse\" data-sptarget=\"#collapse2372\" aria-controls=\"collapse2372\" href=\"#\" aria-expanded=\"false\" tabindex=\"0\"><i aria-hidden=\"true\" role=\"presentation\" class=\"ea-expand-icon eap-icon-ea-expand-plus\"><\/i> \u2022Deeskalation statt Konfrontation.<\/a><\/h3><div class=\"sp-collapse spcollapse \" id=\"collapse2372\" data-parent=\"#sp-ea-237\" role=\"region\" aria-labelledby=\"ea-header-2372\"> <div class=\"ea-body\"><p>Kontrolle durch Macht, Strafen oder laute Interventionen versch\u00e4rft Eskalationen. Wirksam sind ruhige Pr\u00e4senz, Distanz, Zeitgewinn und das Vermeiden von Gesichtsverlust.<\/p><\/div><\/div><\/div><div class=\"ea-card sp-ea-single\"><h3 class=\"ea-header\"><a class=\"collapsed\" id=\"ea-header-2373\" role=\"button\" data-sptoggle=\"spcollapse\" data-sptarget=\"#collapse2373\" aria-controls=\"collapse2373\" href=\"#\" aria-expanded=\"false\" tabindex=\"0\"><i aria-hidden=\"true\" role=\"presentation\" class=\"ea-expand-icon eap-icon-ea-expand-plus\"><\/i> \u2022Probleme liegen meist im Kontext, nicht im Kind.<\/a><\/h3><div class=\"sp-collapse spcollapse \" id=\"collapse2373\" data-parent=\"#sp-ea-237\" role=\"region\" aria-labelledby=\"ea-header-2373\"> <div class=\"ea-body\"><p>Umgebung, \u00dcberg\u00e4nge, soziale Dynamiken und unklare Regeln sind h\u00e4ufige Ausl\u00f6ser. Verhalten verbessert sich, wenn der Kontext ver\u00e4ndert wird.<\/p><\/div><\/div><\/div><\/div><\/div><\/p>\n\n    <div class=\"xs_social_share_widget xs_share_url after_content \t\tmain_content  wslu-style-1 wslu-share-box-shaped wslu-fill-colored wslu-none wslu-share-horizontal wslu-theme-font-no wslu-main_content\">\n\n\t\t\n        <ul>\n\t\t\t        <\/ul>\n    <\/div> \n","protected":false},"excerpt":{"rendered":"","protected":false},"author":1,"featured_media":0,"parent":0,"menu_order":0,"comment_status":"closed","ping_status":"closed","template":"","meta":{"_crdt_document":"","footnotes":""},"class_list":["post-69","page","type-page","status-publish","hentry"],"_links":{"self":[{"href":"https:\/\/lms.doq4u.ch\/index.php?rest_route=\/wp\/v2\/pages\/69","targetHints":{"allow":["GET"]}}],"collection":[{"href":"https:\/\/lms.doq4u.ch\/index.php?rest_route=\/wp\/v2\/pages"}],"about":[{"href":"https:\/\/lms.doq4u.ch\/index.php?rest_route=\/wp\/v2\/types\/page"}],"author":[{"embeddable":true,"href":"https:\/\/lms.doq4u.ch\/index.php?rest_route=\/wp\/v2\/users\/1"}],"replies":[{"embeddable":true,"href":"https:\/\/lms.doq4u.ch\/index.php?rest_route=%2Fwp%2Fv2%2Fcomments&post=69"}],"version-history":[{"count":10,"href":"https:\/\/lms.doq4u.ch\/index.php?rest_route=\/wp\/v2\/pages\/69\/revisions"}],"predecessor-version":[{"id":238,"href":"https:\/\/lms.doq4u.ch\/index.php?rest_route=\/wp\/v2\/pages\/69\/revisions\/238"}],"wp:attachment":[{"href":"https:\/\/lms.doq4u.ch\/index.php?rest_route=%2Fwp%2Fv2%2Fmedia&parent=69"}],"curies":[{"name":"wp","href":"https:\/\/api.w.org\/{rel}","templated":true}]}}